{"id":4848,"date":"2026-04-13T07:25:54","date_gmt":"2026-04-13T07:25:54","guid":{"rendered":"https:\/\/mascengroup.com\/?page_id=4848"},"modified":"2026-04-13T08:26:23","modified_gmt":"2026-04-13T08:26:23","slug":"bao-chi-va-truyen-thong","status":"publish","type":"page","link":"https:\/\/mascengroup.com\/?page_id=4848","title":{"rendered":"B\u00c1O CH\u00cd V\u00c0 TRUY\u1ec0N TH\u00d4NG"},"content":{"rendered":"<div class=\"slider-wrapper relative hide-for-medium\" id=\"slider-1281879173\" >\n    <div class=\"slider slider-nav-circle slider-nav-large slider-nav-light slider-style-normal\"\n        data-flickity-options='{\n            \"cellAlign\": \"center\",\n            \"imagesLoaded\": true,\n            \"lazyLoad\": 1,\n            \"freeScroll\": false,\n            \"wrapAround\": true,\n            \"autoPlay\": 6000,\n            \"pauseAutoPlayOnHover\" : true,\n            \"prevNextButtons\": true,\n            \"contain\" : true,\n            \"adaptiveHeight\" : true,\n            \"dragThreshold\" : 10,\n            \"percentPosition\": true,\n            \"pageDots\": true,\n            \"rightToLeft\": false,\n            \"draggable\": true,\n            \"selectedAttraction\": 0.1,\n            \"parallax\" : 0,\n            \"friction\": 0.6        }'\n        >\n        \n\n  <div class=\"banner has-hover\" id=\"banner-1409197268\">\n          <div class=\"banner-inner fill\">\n        <div class=\"banner-bg fill\" >\n            <div class=\"bg fill bg-fill \"><\/div>\n                                    \n                    <\/div>\n\t\t\n        <div class=\"banner-layers container\">\n            <div class=\"fill banner-link\"><\/div>            \n        <\/div>\n      <\/div>\n\n            \n<style>\n#banner-1409197268 {\n  padding-top: 600px;\n}\n#banner-1409197268 .bg.bg-loaded {\n  background-image: url(https:\/\/mascengroup.com\/wp-content\/uploads\/2026\/04\/Bao-chi-va-truyen-thong-copy-1400x438.jpg);\n}\n<\/style>\n  <\/div>\n\n\n     <\/div>\n\n     <div class=\"loading-spin dark large centered\"><\/div>\n\n\t<\/div>\n\n\n<div class=\"slider-wrapper relative show-for-small\" id=\"slider-1948565236\" >\n    <div class=\"slider slider-nav-circle slider-nav-large slider-nav-light slider-style-normal\"\n        data-flickity-options='{\n            \"cellAlign\": \"center\",\n            \"imagesLoaded\": true,\n            \"lazyLoad\": 1,\n            \"freeScroll\": false,\n            \"wrapAround\": true,\n            \"autoPlay\": 6000,\n            \"pauseAutoPlayOnHover\" : true,\n            \"prevNextButtons\": true,\n            \"contain\" : true,\n            \"adaptiveHeight\" : true,\n            \"dragThreshold\" : 10,\n            \"percentPosition\": true,\n            \"pageDots\": true,\n            \"rightToLeft\": false,\n            \"draggable\": true,\n            \"selectedAttraction\": 0.1,\n            \"parallax\" : 0,\n            \"friction\": 0.6        }'\n        >\n        \n\n  <div class=\"banner has-hover\" id=\"banner-1319299377\">\n          <div class=\"banner-inner fill\">\n        <div class=\"banner-bg fill\" >\n            <div class=\"bg fill bg-fill \"><\/div>\n                                    \n                    <\/div>\n\t\t\n        <div class=\"banner-layers container\">\n            <div class=\"fill banner-link\"><\/div>            \n        <\/div>\n      <\/div>\n\n            \n<style>\n#banner-1319299377 {\n  padding-top: 600px;\n}\n#banner-1319299377 .bg.bg-loaded {\n  background-image: url(https:\/\/mascengroup.com\/wp-content\/uploads\/2026\/04\/Bao-chi-va-truyen-thong-3.png);\n}\n@media (min-width:550px) {\n  #banner-1319299377 {\n    padding-top: 600px;\n  }\n}\n<\/style>\n  <\/div>\n\n\n     <\/div>\n\n     <div class=\"loading-spin dark large centered\"><\/div>\n\n\t<\/div>\n\n\n","protected":false},"excerpt":{"rendered":"","protected":false},"author":1,"featured_media":0,"parent":0,"menu_order":0,"comment_status":"closed","ping_status":"closed","template":"page-blank.php","meta":{"footnotes":""},"class_list":["post-4848","page","type-page","status-publish","hentry"],"yoast_head":"<!-- This site is optimized with the Yoast SEO plugin v23.5 - https:\/\/yoast.com\/wordpress\/plugins\/seo\/ -->\n<title>MASCEN GROUP<\/title>\n<meta name=\"robots\" content=\"index, follow, max-snippet:-1, max-image-preview:large, max-video-preview:-1\" \/>\n<link rel=\"canonical\" href=\"https:\/\/mascengroup.com\/?page_id=4848\" \/>\n<meta property=\"og:locale\" content=\"vi_VN\" \/>\n<meta property=\"og:type\" content=\"article\" \/>\n<meta property=\"og:title\" content=\"MASCEN GROUP\" \/>\n<meta property=\"og:url\" content=\"https:\/\/mascengroup.com\/?page_id=4848\" \/>\n<meta property=\"og:site_name\" content=\"MASCEN GROUP\" \/>\n<meta property=\"article:modified_time\" content=\"2026-04-13T08:26:23+00:00\" \/>\n<meta name=\"twitter:card\" content=\"summary_large_image\" \/>\n<script type=\"application\/ld+json\" class=\"yoast-schema-graph\">{\"@context\":\"https:\/\/schema.org\",\"@graph\":[{\"@type\":\"WebPage\",\"@id\":\"https:\/\/mascengroup.com\/?page_id=4848\",\"url\":\"https:\/\/mascengroup.com\/?page_id=4848\",\"name\":\"MASCEN GROUP\",\"isPartOf\":{\"@id\":\"https:\/\/mascengroup.com\/#website\"},\"datePublished\":\"2026-04-13T07:25:54+00:00\",\"dateModified\":\"2026-04-13T08:26:23+00:00\",\"breadcrumb\":{\"@id\":\"https:\/\/mascengroup.com\/?page_id=4848#breadcrumb\"},\"inLanguage\":\"vi\",\"potentialAction\":[{\"@type\":\"ReadAction\",\"target\":[\"https:\/\/mascengroup.com\/?page_id=4848\"]}]},{\"@type\":\"BreadcrumbList\",\"@id\":\"https:\/\/mascengroup.com\/?page_id=4848#breadcrumb\",\"itemListElement\":[{\"@type\":\"ListItem\",\"position\":1,\"name\":\"Trang ch\u1ee7\",\"item\":\"https:\/\/mascengroup.com\/\"},{\"@type\":\"ListItem\",\"position\":2,\"name\":\"B\u00c1O CH\u00cd V\u00c0 TRUY\u1ec0N TH\u00d4NG\"}]},{\"@type\":\"WebSite\",\"@id\":\"https:\/\/mascengroup.com\/#website\",\"url\":\"https:\/\/mascengroup.com\/\",\"name\":\"MASCEN GROUP\",\"description\":\"\",\"potentialAction\":[{\"@type\":\"SearchAction\",\"target\":{\"@type\":\"EntryPoint\",\"urlTemplate\":\"https:\/\/mascengroup.com\/?s={search_term_string}\"},\"query-input\":{\"@type\":\"PropertyValueSpecification\",\"valueRequired\":true,\"valueName\":\"search_term_string\"}}],\"inLanguage\":\"vi\"}]}<\/script>\n<!-- \/ Yoast SEO plugin. -->","yoast_head_json":{"title":"MASCEN GROUP","robots":{"index":"index","follow":"follow","max-snippet":"max-snippet:-1","max-image-preview":"max-image-preview:large","max-video-preview":"max-video-preview:-1"},"canonical":"https:\/\/mascengroup.com\/?page_id=4848","og_locale":"vi_VN","og_type":"article","og_title":"MASCEN GROUP","og_url":"https:\/\/mascengroup.com\/?page_id=4848","og_site_name":"MASCEN GROUP","article_modified_time":"2026-04-13T08:26:23+00:00","twitter_card":"summary_large_image","schema":{"@context":"https:\/\/schema.org","@graph":[{"@type":"WebPage","@id":"https:\/\/mascengroup.com\/?page_id=4848","url":"https:\/\/mascengroup.com\/?page_id=4848","name":"MASCEN GROUP","isPartOf":{"@id":"https:\/\/mascengroup.com\/#website"},"datePublished":"2026-04-13T07:25:54+00:00","dateModified":"2026-04-13T08:26:23+00:00","breadcrumb":{"@id":"https:\/\/mascengroup.com\/?page_id=4848#breadcrumb"},"inLanguage":"vi","potentialAction":[{"@type":"ReadAction","target":["https:\/\/mascengroup.com\/?page_id=4848"]}]},{"@type":"BreadcrumbList","@id":"https:\/\/mascengroup.com\/?page_id=4848#breadcrumb","itemListElement":[{"@type":"ListItem","position":1,"name":"Trang ch\u1ee7","item":"https:\/\/mascengroup.com\/"},{"@type":"ListItem","position":2,"name":"B\u00c1O CH\u00cd V\u00c0 TRUY\u1ec0N TH\u00d4NG"}]},{"@type":"WebSite","@id":"https:\/\/mascengroup.com\/#website","url":"https:\/\/mascengroup.com\/","name":"MASCEN GROUP","description":"","potentialAction":[{"@type":"SearchAction","target":{"@type":"EntryPoint","urlTemplate":"https:\/\/mascengroup.com\/?s={search_term_string}"},"query-input":{"@type":"PropertyValueSpecification","valueRequired":true,"valueName":"search_term_string"}}],"inLanguage":"vi"}]}},"_links":{"self":[{"href":"https:\/\/mascengroup.com\/index.php?rest_route=\/wp\/v2\/pages\/4848"}],"collection":[{"href":"https:\/\/mascengroup.com\/index.php?rest_route=\/wp\/v2\/pages"}],"about":[{"href":"https:\/\/mascengroup.com\/index.php?rest_route=\/wp\/v2\/types\/page"}],"author":[{"embeddable":true,"href":"https:\/\/mascengroup.com\/index.php?rest_route=\/wp\/v2\/users\/1"}],"replies":[{"embeddable":true,"href":"https:\/\/mascengroup.com\/index.php?rest_route=%2Fwp%2Fv2%2Fcomments&post=4848"}],"version-history":[{"count":6,"href":"https:\/\/mascengroup.com\/index.php?rest_route=\/wp\/v2\/pages\/4848\/revisions"}],"predecessor-version":[{"id":4872,"href":"https:\/\/mascengroup.com\/index.php?rest_route=\/wp\/v2\/pages\/4848\/revisions\/4872"}],"wp:attachment":[{"href":"https:\/\/mascengroup.com\/index.php?rest_route=%2Fwp%2Fv2%2Fmedia&parent=4848"}],"curies":[{"name":"wp","href":"https:\/\/api.w.org\/{rel}","templated":true}]}}