{"id":508,"date":"2019-03-06T08:02:34","date_gmt":"2019-03-06T08:02:34","guid":{"rendered":"http:\/\/son.webrt.vn\/umiphar\/?page_id=508"},"modified":"2026-04-13T06:54:34","modified_gmt":"2026-04-13T06:54:34","slug":"ve-chung-toi","status":"publish","type":"page","link":"https:\/\/mascengroup.com\/?page_id=508","title":{"rendered":"V\u1ec1 ch\u00fang t\u00f4i"},"content":{"rendered":"\n<div class=\"page-title-wrapper\" style=\"background-color: #1e2738 \">\n<div class=\"container\">\n<div class=\"row\">\n<div class=\"col-lg-12 col-md-12 col-sm-12 col-xs-12\">\n<div class=\"page-title\">V\u1ec1 Ch\u00fang t\u00f4i<\/div>\n<div class=\"page-subtitle\">\n                    \u2022\tCh\u1ea5t l\u01b0\u1ee3ng d\u1eabn \u0111\u1ea7u, uy t\u00edn v\u1eefng m\u1ea1nh <br \/>\n                    \u2022\tS\u1ee9 m\u1ec7nh b\u1ec1n v\u1eefng, ph\u00e1t tri\u1ec3n kh\u00f4ng ng\u1eebng\n                <\/div>\n<\/p><\/div>\n<\/p><\/div>\n<\/p><\/div>\n<\/div>\n\n\t<div id=\"gap-1633166574\" class=\"gap-element clearfix\" style=\"display:block; height:auto;\">\n\t\t\n<style>\n#gap-1633166574 {\n  padding-top: 30px;\n}\n<\/style>\n\t<\/div>\n\t\n\t<section class=\"section our-01\" id=\"section_1853765937\">\n\t\t<div class=\"bg section-bg fill bg-fill  bg-loaded\" >\n\n\t\t\t\n\t\t\t\n\t\t\t\n\n\t\t<\/div>\n\n\t\t\n\n\t\t<div class=\"section-content relative\">\n\t\t\t\n<div class=\"row align-center\"  id=\"row-1136124345\">\n\n\t<div id=\"col-1555592592\" class=\"col small-12 large-12\"  >\n\t\t\t\t<div class=\"col-inner text-center\"  >\n\t\t\t\n\t\t\t\n \n    <div class=\"block__element_head\">\n      <h2 class=\"heading\">GI\u1edaI THI\u1ec6U C\u00d4NG TY<\/h2>\n      <p class=\"text_head\"><\/p>\n    <\/div>\n\n\t<div id=\"text-1766394678\" class=\"text\">\n\t\t\n<p>Mascen Group cam k\u1ebft mang \u0111\u1ebfn s\u1ef1 tin c\u1eady tuy\u1ec7t \u0111\u1ed1i cho m\u1ecdi kh\u00e1ch h\u00e0ng v\u00e0 \u0111\u1ed1i t\u00e1c. Ch\u00fang t\u00f4i tin r\u1eb1ng ch\u1ea5t l\u01b0\u1ee3ng v\u01b0\u1ee3t tr\u1ed9i c\u1ee7a s\u1ea3n ph\u1ea9m v\u00e0 d\u1ecbch v\u1ee5 ch\u00ednh l\u00e0 n\u1ec1n t\u1ea3ng v\u1eefng ch\u1eafc \u0111\u1ec3 x\u00e2y d\u1ef1ng ni\u1ec1m tin v\u00e0 m\u1ed1i quan h\u1ec7 h\u1ee3p t\u00e1c l\u00e2u d\u00e0i.<\/p>\n\t\t\n<style>\n#text-1766394678 {\n  text-align: center;\n}\n<\/style>\n\t<\/div>\n\t\n\t\t<\/div>\n\t\t\t\t\n<style>\n#col-1555592592 > .col-inner {\n  margin: 0px 0px 0px 0px;\n}\n<\/style>\n\t<\/div>\n\n\t\n\n\t<div id=\"col-924714996\" class=\"col medium-8 small-12 large-8\"  >\n\t\t\t\t<div class=\"col-inner text-center\"  >\n\t\t\t\n\t\t\t\n\t<div class=\"img has-hover x md-x lg-x y md-y lg-y\" id=\"image_969894329\">\n\t\t\t\t\t\t\t\t<div class=\"img-inner dark\" >\n\t\t\t<img loading=\"lazy\" decoding=\"async\" width=\"600\" height=\"400\" src=\"https:\/\/mascengroup.com\/wp-content\/uploads\/2025\/07\/tuyen-dung-va-xay-dung-doi-ngu-nhan-su-gioi-chuyen-mon-cao-1717393124066535404412-600x400.jpg\" class=\"attachment-medium size-medium\" alt=\"\" srcset=\"https:\/\/mascengroup.com\/wp-content\/uploads\/2025\/07\/tuyen-dung-va-xay-dung-doi-ngu-nhan-su-gioi-chuyen-mon-cao-1717393124066535404412-600x400.jpg 600w, https:\/\/mascengroup.com\/wp-content\/uploads\/2025\/07\/tuyen-dung-va-xay-dung-doi-ngu-nhan-su-gioi-chuyen-mon-cao-1717393124066535404412-1200x800.jpg 1200w, https:\/\/mascengroup.com\/wp-content\/uploads\/2025\/07\/tuyen-dung-va-xay-dung-doi-ngu-nhan-su-gioi-chuyen-mon-cao-1717393124066535404412-768x512.jpg 768w, https:\/\/mascengroup.com\/wp-content\/uploads\/2025\/07\/tuyen-dung-va-xay-dung-doi-ngu-nhan-su-gioi-chuyen-mon-cao-1717393124066535404412-1536x1024.jpg 1536w, https:\/\/mascengroup.com\/wp-content\/uploads\/2025\/07\/tuyen-dung-va-xay-dung-doi-ngu-nhan-su-gioi-chuyen-mon-cao-1717393124066535404412-510x340.jpg 510w, https:\/\/mascengroup.com\/wp-content\/uploads\/2025\/07\/tuyen-dung-va-xay-dung-doi-ngu-nhan-su-gioi-chuyen-mon-cao-1717393124066535404412-64x43.jpg 64w, https:\/\/mascengroup.com\/wp-content\/uploads\/2025\/07\/tuyen-dung-va-xay-dung-doi-ngu-nhan-su-gioi-chuyen-mon-cao-1717393124066535404412.jpg 2000w\" sizes=\"(max-width: 600px) 100vw, 600px\" \/>\t\t\t\t\t\t\n\t\t\t\t\t<\/div>\n\t\t\t\t\t\t\t\t\n<style>\n#image_969894329 {\n  width: 93%;\n}\n<\/style>\n\t<\/div>\n\t\n\t\t<\/div>\n\t\t\t\t\t<\/div>\n\n\t\n<\/div>\n\t\t<\/div>\n\n\t\t\n<style>\n#section_1853765937 {\n  padding-top: 0px;\n  padding-bottom: 0px;\n}\n<\/style>\n\t<\/section>\n\t\n\t<section class=\"section\" id=\"section_2110376025\">\n\t\t<div class=\"bg section-bg fill bg-fill  bg-loaded\" >\n\n\t\t\t\n\t\t\t\n\t\t\t\n\n\t\t<\/div>\n\n\t\t\n\n\t\t<div class=\"section-content relative\">\n\t\t\t\n \n    <div class=\"block__element_head\">\n      <h2 class=\"heading\">MASCEN GROUP<\/h2>\n      <p class=\"text_head\"><\/p>\n    <\/div>\n\n<div class=\"row\"  id=\"row-1467487854\">\n\n\t<div id=\"col-1871464356\" class=\"col medium-4 small-12 large-4\"  >\n\t\t\t\t<div class=\"col-inner\"  >\n\t\t\t\n\t\t\t\n<section class=\"about-mascen\">\n<div class=\"container\">\n<h2 class=\"section-title\">T\u1ea6M NH\u00ccN<\/h2>\n<p>Tr\u1edf th\u00e0nh doanh nghi\u1ec7p ti\u00ean phong trong cung c\u1ea5p v\u00e0 \u0111\u1ea7u t\u01b0 \u0111a l\u0129nh v\u1ef1c, t\u1ea1o ra gi\u1ea3i ph\u00e1p to\u00e0n di\u1ec7n v\u00e0 gi\u00e1 tr\u1ecb b\u1ec1n v\u1eefng cho kh\u00e1ch h\u00e0ng v\u00e0 \u0111\u1ed1i t\u00e1c.<\/p>\n<\/div>\n<\/section>\n\t\t<\/div>\n\t\t\t\t\t<\/div>\n\n\t\n\n\t<div id=\"col-1017000679\" class=\"col medium-4 small-12 large-4\"  >\n\t\t\t\t<div class=\"col-inner\"  >\n\t\t\t\n\t\t\t\n<section class=\"about-mascen\">\n<div class=\"container\">\n<h2 class=\"section-title\">S\u1ee8 M\u1ec6NH<\/h2>\n<p>Cung c\u1ea5p s\u1ea3n ph\u1ea9m v\u00e0 d\u1ecbch v\u1ee5 ch\u1ea5t l\u01b0\u1ee3ng cao, \u1ee9ng d\u1ee5ng linh ho\u1ea1t v\u00e0o th\u1ef1c ti\u1ec5n, \u0111\u1ed3ng h\u00e0nh c\u00f9ng \u0111\u1ed1i t\u00e1c ph\u00e1t tri\u1ec3n l\u00e2u d\u00e0i v\u00e0 kh\u00f4ng ng\u1eebng \u0111\u1ed5i m\u1edbi.<\/p>\n<\/div>\n<\/section>\n\t\t<\/div>\n\t\t\t\t\t<\/div>\n\n\t\n\n\t<div id=\"col-1226097148\" class=\"col medium-4 small-12 large-4\"  >\n\t\t\t\t<div class=\"col-inner\"  >\n\t\t\t\n\t\t\t\n<section class=\"about-mascen\">\n<div class=\"container\">\n<h2 class=\"section-title\">TRI\u1ebeT L\u00dd KINH DOANH<\/h2>\n<p>Th\u00e0nh c\u00f4ng tr\u01b0\u1eddng t\u1ed3n b\u1eaft ngu\u1ed3n t\u1eeb gi\u00e1 tr\u1ecb th\u1ef1c, uy t\u00edn v\u00e0 h\u1ee3p t\u00e1c ch\u00e2n th\u00e0nh, h\u01b0\u1edbng \u0111\u1ebfn x\u00e2y d\u1ef1ng ni\u1ec1m tin v\u00e0 ph\u00e1t tri\u1ec3n b\u1ec1n v\u1eefng c\u00f9ng c\u1ed9ng \u0111\u1ed3ng.<\/p>\n<\/div>\n<\/section>\n\t\t<\/div>\n\t\t\t\t\t<\/div>\n\n\t\n<\/div>\n\t\t<\/div>\n\n\t\t\n<style>\n#section_2110376025 {\n  padding-top: 30px;\n  padding-bottom: 30px;\n}\n<\/style>\n\t<\/section>\n\t\n\t<section class=\"section\" id=\"section_1731477910\">\n\t\t<div class=\"bg section-bg fill bg-fill  bg-loaded\" >\n\n\t\t\t\n\t\t\t\n\t\t\t\n\n\t\t<\/div>\n\n\t\t\n\n\t\t<div class=\"section-content relative\">\n\t\t\t\n<div class=\"row align-center\"  id=\"row-501594057\">\n\n\t<div id=\"col-1656844026\" class=\"col medium-6 small-12 large-6\"  >\n\t\t\t\t<div class=\"col-inner\"  >\n\t\t\t\n\t\t\t\n \n    <div class=\"block__element_head\">\n      <h2 class=\"heading\">Gi\u00e1 tr\u1ecb c\u1ed1t l\u00f5i<\/h2>\n      <p class=\"text_head\"><\/p>\n    <\/div>\n\n\t<div class=\"img has-hover x md-x lg-x y md-y lg-y\" id=\"image_1614606417\">\n\t\t\t\t\t\t\t\t<div class=\"img-inner dark\" >\n\t\t\t<img loading=\"lazy\" decoding=\"async\" width=\"566\" height=\"800\" src=\"https:\/\/mascengroup.com\/wp-content\/uploads\/2025\/10\/Gia-Tri-Cot-Loi-Mascen-566x800.png\" class=\"attachment-large size-large\" alt=\"\" srcset=\"https:\/\/mascengroup.com\/wp-content\/uploads\/2025\/10\/Gia-Tri-Cot-Loi-Mascen-566x800.png 566w, https:\/\/mascengroup.com\/wp-content\/uploads\/2025\/10\/Gia-Tri-Cot-Loi-Mascen-283x400.png 283w, https:\/\/mascengroup.com\/wp-content\/uploads\/2025\/10\/Gia-Tri-Cot-Loi-Mascen-768x1086.png 768w, https:\/\/mascengroup.com\/wp-content\/uploads\/2025\/10\/Gia-Tri-Cot-Loi-Mascen-1086x1536.png 1086w, https:\/\/mascengroup.com\/wp-content\/uploads\/2025\/10\/Gia-Tri-Cot-Loi-Mascen-510x721.png 510w, https:\/\/mascengroup.com\/wp-content\/uploads\/2025\/10\/Gia-Tri-Cot-Loi-Mascen-64x91.png 64w, https:\/\/mascengroup.com\/wp-content\/uploads\/2025\/10\/Gia-Tri-Cot-Loi-Mascen.png 1414w\" sizes=\"(max-width: 566px) 100vw, 566px\" \/>\t\t\t\t\t\t\n\t\t\t\t\t<\/div>\n\t\t\t\t\t\t\t\t\n<style>\n#image_1614606417 {\n  width: 100%;\n}\n<\/style>\n\t<\/div>\n\t\n\t\t<\/div>\n\t\t\t\t\t<\/div>\n\n\t\n<\/div>\n\t\t<\/div>\n\n\t\t\n<style>\n#section_1731477910 {\n  padding-top: 30px;\n  padding-bottom: 30px;\n}\n<\/style>\n\t<\/section>\n\t\n\t<section class=\"section our-04\" id=\"section_971470827\">\n\t\t<div class=\"bg section-bg fill bg-fill  bg-loaded\" >\n\n\t\t\t\n\t\t\t\n\t\t\t\n\n\t\t<\/div>\n\n\t\t\n\n\t\t<div class=\"section-content relative\">\n\t\t\t\n<div class=\"row\"  id=\"row-1371581931\">\n\n\t<div id=\"col-1122106027\" class=\"col small-12 large-12\"  >\n\t\t\t\t<div class=\"col-inner text-center\"  >\n\t\t\t\n\t\t\t\n \n    <div class=\"block__element_head\">\n      <h2 class=\"heading\">B\u1ed8 M\u00c1Y C\u00d4NG TY<\/h2>\n      <p class=\"text_head\"><\/p>\n    <\/div>\n\n\t<div class=\"img has-hover x md-x lg-x y md-y lg-y\" id=\"image_911609548\">\n\t\t\t\t\t\t\t\t<div class=\"img-inner dark\" >\n\t\t\t<img loading=\"lazy\" decoding=\"async\" width=\"697\" height=\"860\" src=\"https:\/\/mascengroup.com\/wp-content\/uploads\/2026\/04\/Tong-hop-logo-bo-may.drawio-2.png\" class=\"attachment-original size-original\" alt=\"\" srcset=\"https:\/\/mascengroup.com\/wp-content\/uploads\/2026\/04\/Tong-hop-logo-bo-may.drawio-2.png 697w, https:\/\/mascengroup.com\/wp-content\/uploads\/2026\/04\/Tong-hop-logo-bo-may.drawio-2-324x400.png 324w, https:\/\/mascengroup.com\/wp-content\/uploads\/2026\/04\/Tong-hop-logo-bo-may.drawio-2-648x800.png 648w, https:\/\/mascengroup.com\/wp-content\/uploads\/2026\/04\/Tong-hop-logo-bo-may.drawio-2-510x629.png 510w, https:\/\/mascengroup.com\/wp-content\/uploads\/2026\/04\/Tong-hop-logo-bo-may.drawio-2-64x79.png 64w\" sizes=\"(max-width: 697px) 100vw, 697px\" \/>\t\t\t\t\t\t\n\t\t\t\t\t<\/div>\n\t\t\t\t\t\t\t\t\n<style>\n#image_911609548 {\n  width: 90%;\n}\n@media (min-width:550px) {\n  #image_911609548 {\n    width: 50%;\n  }\n}\n<\/style>\n\t<\/div>\n\t\n\t\t<\/div>\n\t\t\t\t\t<\/div>\n\n\t\n<\/div>\n\t\t<\/div>\n\n\t\t\n<style>\n#section_971470827 {\n  padding-top: 18px;\n  padding-bottom: 18px;\n}\n<\/style>\n\t<\/section>\n\t\n\t<section class=\"section our-06\" id=\"section_1582888272\">\n\t\t<div class=\"bg section-bg fill bg-fill  bg-loaded\" >\n\n\t\t\t\n\t\t\t\n\t\t\t\n\n\t\t<\/div>\n\n\t\t\n\n\t\t<div class=\"section-content relative\">\n\t\t\t\n<div class=\"row\"  id=\"row-1069223964\">\n\n\t<div id=\"col-438298527\" class=\"col small-12 large-12\"  >\n\t\t\t\t<div class=\"col-inner\"  >\n\t\t\t\n\t\t\t\n \n    <div class=\"block__element_head\">\n      <h2 class=\"heading\">N\u0102NG L\u1ef0C C\u1ee6A CH\u00daNG T\u00d4I<\/h2>\n      <p class=\"text_head\"><\/p>\n    <\/div>\n\n<div class=\"row\"  id=\"row-1708247529\">\n\n\t<div id=\"col-252141463\" class=\"col medium-4 small-12 large-4\"  >\n\t\t\t\t<div class=\"col-inner\"  >\n\t\t\t\n\t\t\t\n\n\t\t<div class=\"icon-box featured-box icon-box-center text-center is-large\"  >\n\t\t\t\t\t<div class=\"icon-box-img\" style=\"width: 60px\">\n\t\t\t\t<div class=\"icon\">\n\t\t\t\t\t<div class=\"icon-inner\" >\n\t\t\t\t\t\t<img loading=\"lazy\" decoding=\"async\" width=\"62\" height=\"74\" src=\"https:\/\/mascengroup.com\/wp-content\/uploads\/2025\/07\/icon-4-1.png\" class=\"attachment-medium size-medium\" alt=\"\" \/>\t\t\t\t\t<\/div>\n\t\t\t\t<\/div>\n\t\t\t<\/div>\n\t\t\t\t<div class=\"icon-box-text last-reset\">\n\t\t\t<h5 class=\"uppercase\">+1000<\/h5>\t\t\t<h6>D\u1ef1 \u00c1n Th\u1ef1c Hi\u1ec7n<\/h6>\t\t\t\n\t\t<\/div>\n\t<\/div>\n\t\n\t\n\t\t<\/div>\n\t\t\t\t\t<\/div>\n\n\t\n\n\t<div id=\"col-24717250\" class=\"col medium-4 small-6 large-4\"  >\n\t\t\t\t<div class=\"col-inner\"  >\n\t\t\t\n\t\t\t\n\n\t\t<div class=\"icon-box featured-box icon-box-center text-center is-large\"  >\n\t\t\t\t\t<div class=\"icon-box-img\" style=\"width: 70px\">\n\t\t\t\t<div class=\"icon\">\n\t\t\t\t\t<div class=\"icon-inner\" >\n\t\t\t\t\t\t<img loading=\"lazy\" decoding=\"async\" width=\"67\" height=\"69\" src=\"https:\/\/mascengroup.com\/wp-content\/uploads\/2025\/07\/icon-3-1.png\" class=\"attachment-medium size-medium\" alt=\"\" srcset=\"https:\/\/mascengroup.com\/wp-content\/uploads\/2025\/07\/icon-3-1.png 67w, https:\/\/mascengroup.com\/wp-content\/uploads\/2025\/07\/icon-3-1-64x66.png 64w\" sizes=\"(max-width: 67px) 100vw, 67px\" \/>\t\t\t\t\t<\/div>\n\t\t\t\t<\/div>\n\t\t\t<\/div>\n\t\t\t\t<div class=\"icon-box-text last-reset\">\n\t\t\t<h5 class=\"uppercase\">+50<\/h5>\t\t\t<h6>\u0110\u1ed1i T\u00e1c Kh\u00e1ch H\u00e0ng<\/h6>\t\t\t\n\t\t<\/div>\n\t<\/div>\n\t\n\t\n\t\t<\/div>\n\t\t\t\t\t<\/div>\n\n\t\n\n\t<div id=\"col-1707831764\" class=\"col medium-4 small-6 large-4\"  >\n\t\t\t\t<div class=\"col-inner\"  >\n\t\t\t\n\t\t\t\n\n\t\t<div class=\"icon-box featured-box icon-box-center text-center is-large\"  >\n\t\t\t\t\t<div class=\"icon-box-img\" style=\"width: 53px\">\n\t\t\t\t<div class=\"icon\">\n\t\t\t\t\t<div class=\"icon-inner\" >\n\t\t\t\t\t\t<img loading=\"lazy\" decoding=\"async\" width=\"54\" height=\"73\" src=\"https:\/\/mascengroup.com\/wp-content\/uploads\/2025\/07\/icon-5-1.png\" class=\"attachment-medium size-medium\" alt=\"\" \/>\t\t\t\t\t<\/div>\n\t\t\t\t<\/div>\n\t\t\t<\/div>\n\t\t\t\t<div class=\"icon-box-text last-reset\">\n\t\t\t<h5 class=\"uppercase\">+30<\/h5>\t\t\t<h6>Nh\u00e2n vi\u00ean cao c\u1ea5p<\/h6>\t\t\t\n\t\t<\/div>\n\t<\/div>\n\t\n\t\n\t\t<\/div>\n\t\t\t\t\t<\/div>\n\n\t\n<\/div>\n\t\t<\/div>\n\t\t\t\t\t<\/div>\n\n\t\n<\/div>\n\t\t<\/div>\n\n\t\t\n<style>\n#section_1582888272 {\n  padding-top: 30px;\n  padding-bottom: 30px;\n}\n<\/style>\n\t<\/section>\n\t\n\t<section class=\"section\" id=\"section_2072123397\">\n\t\t<div class=\"bg section-bg fill bg-fill  bg-loaded\" >\n\n\t\t\t\n\t\t\t\n\t\t\t\n\n\t\t<\/div>\n\n\t\t\n\n\t\t<div class=\"section-content relative\">\n\t\t\t\n<div class=\"row\"  id=\"row-1035415417\">\n\n\t<div id=\"col-1544231244\" class=\"col small-12 large-12\"  >\n\t\t\t\t<div class=\"col-inner\"  >\n\t\t\t\n\t\t\t\n \n    <div class=\"block__element_head\">\n      <h2 class=\"heading\">\u0110\u1ed0i t\u00e1c, kh\u00e1ch h\u00e0ng<\/h2>\n      <p class=\"text_head\"><\/p>\n    <\/div>\n\n\t<div class=\"img has-hover x md-x lg-x y md-y lg-y\" id=\"image_170906465\">\n\t\t\t\t\t\t\t\t<div class=\"img-inner dark\" >\n\t\t\t<img loading=\"lazy\" decoding=\"async\" width=\"1020\" height=\"522\" src=\"https:\/\/mascengroup.com\/wp-content\/uploads\/2025\/10\/Doi-tac-MSG-1400x716.png\" class=\"attachment-large size-large\" alt=\"\" srcset=\"https:\/\/mascengroup.com\/wp-content\/uploads\/2025\/10\/Doi-tac-MSG-1400x716.png 1400w, https:\/\/mascengroup.com\/wp-content\/uploads\/2025\/10\/Doi-tac-MSG-782x400.png 782w, https:\/\/mascengroup.com\/wp-content\/uploads\/2025\/10\/Doi-tac-MSG-768x393.png 768w, https:\/\/mascengroup.com\/wp-content\/uploads\/2025\/10\/Doi-tac-MSG-1536x785.png 1536w, https:\/\/mascengroup.com\/wp-content\/uploads\/2025\/10\/Doi-tac-MSG-510x261.png 510w, https:\/\/mascengroup.com\/wp-content\/uploads\/2025\/10\/Doi-tac-MSG-64x33.png 64w, https:\/\/mascengroup.com\/wp-content\/uploads\/2025\/10\/Doi-tac-MSG.png 1772w\" sizes=\"(max-width: 1020px) 100vw, 1020px\" \/>\t\t\t\t\t\t\n\t\t\t\t\t<\/div>\n\t\t\t\t\t\t\t\t\n<style>\n#image_170906465 {\n  width: 100%;\n}\n<\/style>\n\t<\/div>\n\t\n\t\t<\/div>\n\t\t\t\t\t<\/div>\n\n\t\n<\/div>\n\t\t<\/div>\n\n\t\t\n<style>\n#section_2072123397 {\n  padding-top: 30px;\n  padding-bottom: 30px;\n}\n<\/style>\n\t<\/section>\n\t\n","protected":false},"excerpt":{"rendered":"","protected":false},"author":1,"featured_media":0,"parent":0,"menu_order":0,"comment_status":"closed","ping_status":"closed","template":"","meta":{"footnotes":""},"class_list":["post-508","page","type-page","status-publish","hentry"],"yoast_head":"<!-- This site is optimized with the Yoast SEO plugin v23.5 - https:\/\/yoast.com\/wordpress\/plugins\/seo\/ -->\n<title>MASCEN GROUP<\/title>\n<meta name=\"robots\" content=\"index, follow, max-snippet:-1, max-image-preview:large, max-video-preview:-1\" \/>\n<link rel=\"canonical\" href=\"https:\/\/mascengroup.com\/?page_id=508\" \/>\n<meta property=\"og:locale\" content=\"vi_VN\" \/>\n<meta property=\"og:type\" content=\"article\" \/>\n<meta property=\"og:title\" content=\"MASCEN GROUP\" \/>\n<meta property=\"og:url\" content=\"https:\/\/mascengroup.com\/?page_id=508\" \/>\n<meta property=\"og:site_name\" content=\"MASCEN GROUP\" \/>\n<meta property=\"article:modified_time\" content=\"2026-04-13T06:54:34+00:00\" \/>\n<meta name=\"twitter:card\" content=\"summary_large_image\" \/>\n<meta name=\"twitter:label1\" content=\"\u01af\u1edbc t\u00ednh th\u1eddi gian \u0111\u1ecdc\" \/>\n\t<meta name=\"twitter:data1\" content=\"3 ph\u00fat\" \/>\n<script type=\"application\/ld+json\" class=\"yoast-schema-graph\">{\"@context\":\"https:\/\/schema.org\",\"@graph\":[{\"@type\":\"WebPage\",\"@id\":\"https:\/\/mascengroup.com\/?page_id=508\",\"url\":\"https:\/\/mascengroup.com\/?page_id=508\",\"name\":\"MASCEN GROUP\",\"isPartOf\":{\"@id\":\"https:\/\/mascengroup.com\/#website\"},\"datePublished\":\"2019-03-06T08:02:34+00:00\",\"dateModified\":\"2026-04-13T06:54:34+00:00\",\"breadcrumb\":{\"@id\":\"https:\/\/mascengroup.com\/?page_id=508#breadcrumb\"},\"inLanguage\":\"vi\",\"potentialAction\":[{\"@type\":\"ReadAction\",\"target\":[\"https:\/\/mascengroup.com\/?page_id=508\"]}]},{\"@type\":\"BreadcrumbList\",\"@id\":\"https:\/\/mascengroup.com\/?page_id=508#breadcrumb\",\"itemListElement\":[{\"@type\":\"ListItem\",\"position\":1,\"name\":\"Trang ch\u1ee7\",\"item\":\"https:\/\/mascengroup.com\/\"},{\"@type\":\"ListItem\",\"position\":2,\"name\":\"V\u1ec1 ch\u00fang t\u00f4i\"}]},{\"@type\":\"WebSite\",\"@id\":\"https:\/\/mascengroup.com\/#website\",\"url\":\"https:\/\/mascengroup.com\/\",\"name\":\"MASCEN GROUP\",\"description\":\"\",\"potentialAction\":[{\"@type\":\"SearchAction\",\"target\":{\"@type\":\"EntryPoint\",\"urlTemplate\":\"https:\/\/mascengroup.com\/?s={search_term_string}\"},\"query-input\":{\"@type\":\"PropertyValueSpecification\",\"valueRequired\":true,\"valueName\":\"search_term_string\"}}],\"inLanguage\":\"vi\"}]}<\/script>\n<!-- \/ Yoast SEO plugin. -->","yoast_head_json":{"title":"MASCEN GROUP","robots":{"index":"index","follow":"follow","max-snippet":"max-snippet:-1","max-image-preview":"max-image-preview:large","max-video-preview":"max-video-preview:-1"},"canonical":"https:\/\/mascengroup.com\/?page_id=508","og_locale":"vi_VN","og_type":"article","og_title":"MASCEN GROUP","og_url":"https:\/\/mascengroup.com\/?page_id=508","og_site_name":"MASCEN GROUP","article_modified_time":"2026-04-13T06:54:34+00:00","twitter_card":"summary_large_image","twitter_misc":{"\u01af\u1edbc t\u00ednh th\u1eddi gian \u0111\u1ecdc":"3 ph\u00fat"},"schema":{"@context":"https:\/\/schema.org","@graph":[{"@type":"WebPage","@id":"https:\/\/mascengroup.com\/?page_id=508","url":"https:\/\/mascengroup.com\/?page_id=508","name":"MASCEN GROUP","isPartOf":{"@id":"https:\/\/mascengroup.com\/#website"},"datePublished":"2019-03-06T08:02:34+00:00","dateModified":"2026-04-13T06:54:34+00:00","breadcrumb":{"@id":"https:\/\/mascengroup.com\/?page_id=508#breadcrumb"},"inLanguage":"vi","potentialAction":[{"@type":"ReadAction","target":["https:\/\/mascengroup.com\/?page_id=508"]}]},{"@type":"BreadcrumbList","@id":"https:\/\/mascengroup.com\/?page_id=508#breadcrumb","itemListElement":[{"@type":"ListItem","position":1,"name":"Trang ch\u1ee7","item":"https:\/\/mascengroup.com\/"},{"@type":"ListItem","position":2,"name":"V\u1ec1 ch\u00fang t\u00f4i"}]},{"@type":"WebSite","@id":"https:\/\/mascengroup.com\/#website","url":"https:\/\/mascengroup.com\/","name":"MASCEN GROUP","description":"","potentialAction":[{"@type":"SearchAction","target":{"@type":"EntryPoint","urlTemplate":"https:\/\/mascengroup.com\/?s={search_term_string}"},"query-input":{"@type":"PropertyValueSpecification","valueRequired":true,"valueName":"search_term_string"}}],"inLanguage":"vi"}]}},"_links":{"self":[{"href":"https:\/\/mascengroup.com\/index.php?rest_route=\/wp\/v2\/pages\/508"}],"collection":[{"href":"https:\/\/mascengroup.com\/index.php?rest_route=\/wp\/v2\/pages"}],"about":[{"href":"https:\/\/mascengroup.com\/index.php?rest_route=\/wp\/v2\/types\/page"}],"author":[{"embeddable":true,"href":"https:\/\/mascengroup.com\/index.php?rest_route=\/wp\/v2\/users\/1"}],"replies":[{"embeddable":true,"href":"https:\/\/mascengroup.com\/index.php?rest_route=%2Fwp%2Fv2%2Fcomments&post=508"}],"version-history":[{"count":83,"href":"https:\/\/mascengroup.com\/index.php?rest_route=\/wp\/v2\/pages\/508\/revisions"}],"predecessor-version":[{"id":4839,"href":"https:\/\/mascengroup.com\/index.php?rest_route=\/wp\/v2\/pages\/508\/revisions\/4839"}],"wp:attachment":[{"href":"https:\/\/mascengroup.com\/index.php?rest_route=%2Fwp%2Fv2%2Fmedia&parent=508"}],"curies":[{"name":"wp","href":"https:\/\/api.w.org\/{rel}","templated":true}]}}